{"id":299,"date":"2022-05-24T18:44:26","date_gmt":"2022-05-24T18:44:26","guid":{"rendered":"https:\/\/berlin-pixels.de\/?page_id=299"},"modified":"2022-05-25T07:44:52","modified_gmt":"2022-05-25T07:44:52","slug":"contact-impressum","status":"publish","type":"page","link":"https:\/\/berlin-pixels.de\/?page_id=299","title":{"rendered":"Contact &#038; Impressum"},"content":{"rendered":"<p>&nbsp;<\/p>\n<p style=\"text-align: center;\"><span dir=\"ltr\" role=\"presentation\">Impressum<\/span><\/p>\n<p style=\"text-align: center;\"><span dir=\"ltr\" role=\"presentation\">Angaben gem\u00e4\u00df \u00a7 5 TMG<\/span><\/p>\n<p style=\"text-align: center;\"><span dir=\"ltr\" role=\"presentation\">J\u00f6rg Joachim Riehle<\/span><br role=\"presentation\" \/><span dir=\"ltr\" role=\"presentation\">Potsdamer Stra\u00dfe 102<\/span><br role=\"presentation\" \/><span dir=\"ltr\" role=\"presentation\">10785 Berlin<\/span><\/p>\n<p style=\"text-align: center;\"><span dir=\"ltr\" role=\"presentation\">Kontakt<\/span><\/p>\n<p style=\"text-align: center;\"><span dir=\"ltr\" role=\"presentation\">Telefon: +49 30 261 42 03<\/span><br role=\"presentation\" \/><span dir=\"ltr\" role=\"presentation\">E-Mail: jjr@berlin-pixels.de<\/span><br role=\"presentation\" \/><span dir=\"ltr\" role=\"presentation\">Redaktionell Verantwortlicher<\/span><br role=\"presentation\" \/><span dir=\"ltr\" role=\"presentation\">J\u00f6rg Joachim Riehle<\/span><br role=\"presentation\" \/><span dir=\"ltr\" role=\"presentation\">Verbraucherstreitbeilegung\/Universalschlichtungsstelle<\/span><br role=\"presentation\" \/><span dir=\"ltr\" role=\"presentation\">Wir sind nicht bereit oder verpflichtet, an Streitbeilegungsverfahren vor einer<\/span><br role=\"presentation\" \/><span dir=\"ltr\" role=\"presentation\">Verbraucherschlichtungsstelle teilzunehmen.<\/span><\/p>\n<p style=\"text-align: center;\"><span dir=\"ltr\" role=\"presentation\">Haftung f\u00fcr Inhalte<\/span><\/p>\n<p style=\"text-align: center;\"><span dir=\"ltr\" role=\"presentation\">Als Diensteanbieter sind wir gem\u00e4\u00df \u00a7 7 Abs.1 TMG f\u00fcr eigene Inhalte auf diesen Seiten nach den<\/span><br role=\"presentation\" \/><span dir=\"ltr\" role=\"presentation\">allgemeinen Gesetzen verantwortlich. Nach \u00a7\u00a7 8 bis 10 TMG sind wir als Diensteanbieter jedoch nicht<\/span><br role=\"presentation\" \/><span dir=\"ltr\" role=\"presentation\">verpflichtet, \u00fcbermittelte oder gespeicherte fremde Informationen zu \u00fcberwachen oder nach Umst\u00e4nden zu<\/span><br role=\"presentation\" \/><span dir=\"ltr\" role=\"presentation\">forschen, die auf eine rechtswidrige T\u00e4tigkeit hinweisen.<\/span><br role=\"presentation\" \/><span dir=\"ltr\" role=\"presentation\">Verpflichtungen zur Entfernung oder Sperrung der Nutzung von Informationen nach den allgemeinen<\/span><br role=\"presentation\" \/><span dir=\"ltr\" role=\"presentation\">Gesetzen bleiben hiervon unber\u00fchrt. Eine diesbez\u00fcgliche Haftung ist jedoch erst ab dem Zeitpunkt der<\/span><br role=\"presentation\" \/><span dir=\"ltr\" role=\"presentation\">Kenntnis einer konkreten Rechtsverletzung m\u00f6glich. Bei Bekanntwerden von entsprechenden<\/span><br role=\"presentation\" \/><span dir=\"ltr\" role=\"presentation\">Rechtsverletzungen werden wir diese Inhalte umgehend entfernen.<\/span><\/p>\n<p style=\"text-align: center;\"><span dir=\"ltr\" role=\"presentation\">Haftung f\u00fcr Links<\/span><\/p>\n<p style=\"text-align: center;\"><span dir=\"ltr\" role=\"presentation\">Unser Angebot enth\u00e4lt Links zu externen Websites Dritter, auf deren Inhalte wir keinen Einfluss haben.<\/span><br role=\"presentation\" \/><span dir=\"ltr\" role=\"presentation\">Deshalb k\u00f6nnen wir f\u00fcr diese fremden Inhalte auch keine Gew\u00e4hr \u00fcbernehmen. F\u00fcr die Inhalte der<\/span><br role=\"presentation\" \/><span dir=\"ltr\" role=\"presentation\">verlinkten Seiten ist stets der jeweilige Anbieter oder Betreiber der Seiten verantwortlich. Die verlinkten<\/span><br role=\"presentation\" \/><span dir=\"ltr\" role=\"presentation\">Seiten wurden zum Zeitpunkt der Verlinkung auf m\u00f6gliche Rechtsverst\u00f6\u00dfe \u00fcberpr\u00fcft. Rechtswidrige Inhalte<\/span><br role=\"presentation\" \/><span dir=\"ltr\" role=\"presentation\">waren zum Zeitpunkt der Verlinkung nicht erkennbar.<\/span><br role=\"presentation\" \/><span dir=\"ltr\" role=\"presentation\">Eine permanente inhaltliche Kontrolle der verlinkten Seiten ist jedoch ohne konkrete Anhaltspunkte einer<\/span><br role=\"presentation\" \/><span dir=\"ltr\" role=\"presentation\">Rechtsverletzung nicht zumutbar. Bei Bekanntwerden von Rechtsverletzungen werden wir derartige Links<\/span><br role=\"presentation\" \/><span dir=\"ltr\" role=\"presentation\">umgehend entfernen.<\/span><\/p>\n<p style=\"text-align: center;\"><span dir=\"ltr\" role=\"presentation\">Urheberrecht<\/span><\/p>\n<p style=\"text-align: center;\"><span dir=\"ltr\" role=\"presentation\">Die durch die Seitenbetreiber erstellten Inhalte und Werke auf diesen Seiten unterliegen dem deutschen<\/span><br role=\"presentation\" \/><span dir=\"ltr\" role=\"presentation\">Urheberrecht. Die Vervielf\u00e4ltigung, Bearbeitung, Verbreitung und jede Art der Verwertung au\u00dferhalb der<\/span><br role=\"presentation\" \/><span dir=\"ltr\" role=\"presentation\">Grenzen des Urheberrechtes bed\u00fcrfen der schriftlichen Zustimmung des Erstellers J\u00f6rg Joachim Riehle.<\/span><br role=\"presentation\" \/><span dir=\"ltr\" role=\"presentation\">Downloads und Kopien dieser Seite sind nur f\u00fcr den privaten, nicht kommerziellen Gebrauch gestattet.<\/span><br role=\"presentation\" \/><span dir=\"ltr\" role=\"presentation\">Soweit die Inhalte auf dieser Seite nicht vom Betreiber erstellt wurden, werden die Urheberrechte Dritter<\/span><br role=\"presentation\" \/><span dir=\"ltr\" role=\"presentation\">beachtet. Insbesondere werden Inhalte Dritter als solche gekennzeichnet. Sollten Sie trotzdem auf eine<\/span><br role=\"presentation\" \/><span dir=\"ltr\" role=\"presentation\">Urheberrechtsverletzung aufmerksam werden, bitten wir um einen entsprechenden Hinweis. Bei<\/span><br role=\"presentation\" \/><span dir=\"ltr\" role=\"presentation\">Bekanntwerden von Rechtsverletzungen werden wir derartige Inhalte umgehend entfernen.<\/span><\/p>\n","protected":false},"excerpt":{"rendered":"","protected":false},"author":1,"featured_media":0,"parent":0,"menu_order":0,"comment_status":"closed","ping_status":"closed","template":"","meta":{"footnotes":""},"class_list":["post-299","page","type-page","status-publish","hentry"],"_links":{"self":[{"href":"https:\/\/berlin-pixels.de\/index.php?rest_route=\/wp\/v2\/pages\/299","targetHints":{"allow":["GET"]}}],"collection":[{"href":"https:\/\/berlin-pixels.de\/index.php?rest_route=\/wp\/v2\/pages"}],"about":[{"href":"https:\/\/berlin-pixels.de\/index.php?rest_route=\/wp\/v2\/types\/page"}],"author":[{"embeddable":true,"href":"https:\/\/berlin-pixels.de\/index.php?rest_route=\/wp\/v2\/users\/1"}],"replies":[{"embeddable":true,"href":"https:\/\/berlin-pixels.de\/index.php?rest_route=%2Fwp%2Fv2%2Fcomments&post=299"}],"version-history":[{"count":5,"href":"https:\/\/berlin-pixels.de\/index.php?rest_route=\/wp\/v2\/pages\/299\/revisions"}],"predecessor-version":[{"id":374,"href":"https:\/\/berlin-pixels.de\/index.php?rest_route=\/wp\/v2\/pages\/299\/revisions\/374"}],"wp:attachment":[{"href":"https:\/\/berlin-pixels.de\/index.php?rest_route=%2Fwp%2Fv2%2Fmedia&parent=299"}],"curies":[{"name":"wp","href":"https:\/\/api.w.org\/{rel}","templated":true}]}}